{"id":6383,"date":"2021-10-11T10:57:30","date_gmt":"2021-10-11T10:57:30","guid":{"rendered":"https:\/\/growthdot.com\/help\/"},"modified":"2026-03-10T15:04:28","modified_gmt":"2026-03-10T15:04:28","slug":"help","status":"publish","type":"page","link":"https:\/\/growthdot.com\/fr\/help\/","title":{"rendered":"Archives de la base de connaissances"},"content":{"rendered":"<div class=\"container-fluid border-top blog-contact\">\r\n        <div class=\"container pt-5 mt-4 pb-5 mb-3\">\r\n            <div class=\"row\">\r\n                <div class=\"col-12 col-lg-6 pe-lg-5\">\r\n                    <h2 class=\"mb-3\">Contactez-nous<\/h2>\r\n                    <p class=\"mb-4 h5 lh-base text-dark fw-normal pb-3\">Notre \u00e9quipe sympathique se fera un plaisir de vous aider<\/p>\r\n                    \n<div class=\"wpcf7 no-js\" id=\"wpcf7-f14541-o2\" lang=\"en-US\" dir=\"ltr\" data-wpcf7-id=\"14541\">\n<div class=\"screen-reader-response\"><p role=\"status\" aria-live=\"polite\" aria-atomic=\"true\"><\/p> <ul><\/ul><\/div>\n<form action=\"\/fr\/wp-json\/wp\/v2\/pages\/6383#wpcf7-f14541-o2\" method=\"post\" class=\"wpcf7-form init\" aria-label=\"Contact form\" novalidate=\"novalidate\" data-status=\"init\">\n<fieldset class=\"hidden-fields-container\"><input type=\"hidden\" name=\"_wpcf7\" value=\"14541\" \/><input type=\"hidden\" name=\"_wpcf7_version\" value=\"6.1.4\" \/><input type=\"hidden\" name=\"_wpcf7_locale\" value=\"en_US\" \/><input type=\"hidden\" name=\"_wpcf7_unit_tag\" value=\"wpcf7-f14541-o2\" \/><input type=\"hidden\" name=\"_wpcf7_container_post\" value=\"0\" \/><input type=\"hidden\" name=\"_wpcf7_posted_data_hash\" value=\"\" \/>\n<\/fieldset>\n<div class=\"wpcf7-turnstile cf-turnstile\" data-sitekey=\"0x4AAAAAAChUzC4vj4oN0NhB\" data-response-field-name=\"_wpcf7_turnstile_response\"><\/div>\n\n<div class=\"mb-4\">\n    \t        <label class=\"theme--input position-relative d-flex flex-column gap-2\">\t                                    <span class=\"title\">Votre nom <span class='text-danger'>*<\/span><\/span>                                    <span class=\"wpcf7-form-control-wrap\" data-name=\"your-name\"><input size=\"40\" maxlength=\"400\" class=\"wpcf7-form-control wpcf7-text wpcf7-validates-as-required\" aria-required=\"true\" aria-invalid=\"false\" placeholder=\"Votre nom\" value=\"\" type=\"text\" name=\"your-name\" \/><\/span>                \t        <\/label>\t        <div class=\"input-error error__ d-none\"><\/div>\n<\/div>\n<div class=\"mb-4\">\n    \t        <label class=\"theme--input position-relative d-flex flex-column gap-2\">\t                                    <span class=\"title\">Votre adresse e-mail <span class='text-danger'>*<\/span><\/span>                                    <span class=\"wpcf7-form-control-wrap\" data-name=\"your-email\"><input size=\"40\" maxlength=\"400\" class=\"wpcf7-form-control wpcf7-email wpcf7-validates-as-required wpcf7-text wpcf7-validates-as-email\" aria-required=\"true\" aria-invalid=\"false\" placeholder=\"your@email.com\" value=\"\" type=\"email\" name=\"your-email\" \/><\/span>                \t        <\/label>\t        <div class=\"input-error error__ d-none\"><\/div>\n<\/div>\n<div class=\"mb-4\">\n    \t        <label class=\"theme--input position-relative d-flex flex-column gap-2\">\t                                    <span class=\"title\">Num\u00e9ro de t\u00e9l\u00e9phone <span class='text-danger'>*<\/span><\/span>                                    <span class=\"wpcf7-form-control-wrap\" data-name=\"your-tel\"><input size=\"40\" maxlength=\"400\" class=\"wpcf7-form-control wpcf7-tel wpcf7-validates-as-required wpcf7-text wpcf7-validates-as-tel\" aria-required=\"true\" aria-invalid=\"false\" placeholder=\"+1-234-567-890\" value=\"\" type=\"tel\" name=\"your-tel\" \/><\/span>                \t        <\/label>\t        <div class=\"input-error error__ d-none\"><\/div>\n<\/div>\n\n<div class=\"mb-4\">\n    \t        <label class=\"theme--input position-relative d-flex flex-column gap-2\">\t                                    <span class=\"title\">Message <span class='text-danger'>*<\/span><\/span>                                    <span class=\"wpcf7-form-control-wrap\" data-name=\"your-message\"><textarea cols=\"40\" rows=\"5\" maxlength=\"2000\" class=\"wpcf7-form-control wpcf7-textarea wpcf7-validates-as-required w-100\" aria-required=\"true\" aria-invalid=\"false\" name=\"your-message\"><\/textarea><\/span>                \t        <\/label>\t        <div class=\"input-error error__ d-none\"><\/div>\n<\/div>\n\n<div class=\"mb-2\">\n    <span class=\"wpcf7-form-control-wrap\" data-name=\"your-acceptance\"><span class=\"wpcf7-form-control wpcf7-acceptance\"><span class=\"wpcf7-list-item\"><label><input type=\"checkbox\" name=\"your-acceptance\" value=\"1\" aria-invalid=\"false\" \/><span class=\"wpcf7-list-item-label\">En envoyant ce formulaire, vous acceptez nos conditions g\u00e9n\u00e9rales et notre politique de confidentialit\u00e9 (obligatoire)<\/span><\/label><\/span><\/span><\/span>\n<\/div>\n\n<div class=\"recaptcha-holder d-inline-block w-100\"><\/div>\n\n<div class=\"mb-xl-0 mb-4 d-flex align-items-center mt-3\">\n    <input class=\"wpcf7-form-control wpcf7-submit has-spinner btn btn-primary py-3\" type=\"submit\" value=\"Envoyer le message\" \/>\n<\/div><div class=\"wpcf7-response-output\" aria-hidden=\"true\"><\/div>\n<\/form>\n<\/div>\n\r\n                <\/div>\r\n                <div class=\"col-12 col-lg-6 d-none d-lg-block\">\r\n                    <picture>\r\n                        <source srcset=\"data:image\/gif;base64,R0lGODlhAQABAIAAAAAAAP\/\/\/yH5BAEAAAAALAAAAAABAAEAAAIBRAA7\" media=\"(max-width: 991px)\">\r\n                        <img loading=\"lazy\" decoding=\"async\" src=\"https:\/\/growthdot.com\/wp-content\/uploads\/sites\/14\/2024\/07\/growthdot-team.jpg\" width=\"613\" height=\"409\" alt=\"GrowthDot team\" class=\"img-fluid rounded\">\r\n                    <\/picture>\r\n                <\/div>\r\n            <\/div>\r\n        <\/div>\r\n    <\/div>","protected":false},"excerpt":{"rendered":"Contactez-nous Notre \u00e9quipe sympathique se fera un plaisir de vous aider","protected":false},"author":40,"featured_media":0,"parent":0,"menu_order":0,"comment_status":"closed","ping_status":"closed","template":"templates\/template-page_with-contact-form.php","meta":{"footnotes":""},"class_list":["post-6383","page","type-page","status-publish"],"yoast_head":"<title>Archives de la base de connaissances - GrowthDot<\/title>\n<meta name=\"robots\" content=\"index, follow, max-snippet:-1, max-image-preview:large, max-video-preview:-1\" \/>\n<link rel=\"canonical\" href=\"https:\/\/growthdot.com\/fr\/help\/\" \/>\n<meta property=\"og:locale\" content=\"fr_FR\" \/>\n<meta property=\"og:type\" content=\"article\" \/>\n<meta property=\"og:title\" content=\"Archives de la base de connaissances\" \/>\n<meta property=\"og:description\" content=\"Contactez-nous Notre \u00e9quipe sympathique se fera un plaisir de vous aider\" \/>\n<meta property=\"og:url\" content=\"https:\/\/growthdot.com\/fr\/help\/\" \/>\n<meta property=\"og:site_name\" content=\"GrowthDot\" \/>\n<meta property=\"article:publisher\" content=\"https:\/\/www.facebook.com\/GrowthDot\" \/>\n<meta property=\"article:modified_time\" content=\"2026-03-10T15:04:28+00:00\" \/>\n<meta property=\"og:image\" content=\"https:\/\/growthdot.com\/wp-content\/uploads\/sites\/14\/2024\/07\/growthdot-team.jpg\" \/>\n<meta name=\"twitter:card\" content=\"summary_large_image\" \/>\n<meta name=\"twitter:site\" content=\"@growthdot\" \/>\n<meta name=\"twitter:label1\" content=\"Est. reading time\" \/>\n\t<meta name=\"twitter:data1\" content=\"1 minute\" \/>\n<script type=\"application\/ld+json\" class=\"yoast-schema-graph\">{\"@context\":\"https:\/\/schema.org\",\"@graph\":[{\"@type\":\"WebPage\",\"@id\":\"https:\/\/growthdot.com\/fr\/help\/\",\"url\":\"https:\/\/growthdot.com\/fr\/help\/\",\"name\":\"Archives de la base de connaissances - GrowthDot\",\"isPartOf\":{\"@id\":\"https:\/\/growthdot.com\/#website\"},\"primaryImageOfPage\":{\"@id\":\"https:\/\/growthdot.com\/fr\/help\/#primaryimage\"},\"image\":{\"@id\":\"https:\/\/growthdot.com\/fr\/help\/#primaryimage\"},\"thumbnailUrl\":\"https:\/\/growthdot.com\/wp-content\/uploads\/sites\/14\/2024\/07\/growthdot-team.jpg\",\"datePublished\":\"2021-10-11T10:57:30+00:00\",\"dateModified\":\"2026-03-10T15:04:28+00:00\",\"inLanguage\":\"fr-FR\",\"potentialAction\":[{\"@type\":\"ReadAction\",\"target\":[\"https:\/\/growthdot.com\/fr\/help\/\"]}],\"description\":\"\"},{\"@type\":\"ImageObject\",\"inLanguage\":\"fr-FR\",\"@id\":\"https:\/\/growthdot.com\/fr\/help\/#primaryimage\",\"url\":\"https:\/\/growthdot.com\/wp-content\/uploads\/sites\/14\/2024\/07\/growthdot-team.jpg\",\"contentUrl\":\"https:\/\/growthdot.com\/wp-content\/uploads\/sites\/14\/2024\/07\/growthdot-team.jpg\"},{\"@type\":\"WebSite\",\"@id\":\"https:\/\/growthdot.com\/#website\",\"url\":\"https:\/\/growthdot.com\/\",\"name\":\"GrowthDot\",\"description\":\"Zendesk Customization, Apps, Themes and Help\",\"publisher\":{\"@id\":\"https:\/\/growthdot.com\/#organization\"},\"potentialAction\":[{\"@type\":\"SearchAction\",\"target\":{\"@type\":\"EntryPoint\",\"urlTemplate\":\"https:\/\/growthdot.com\/?s={search_term_string}\"},\"query-input\":{\"@type\":\"PropertyValueSpecification\",\"valueRequired\":true,\"valueName\":\"search_term_string\"}}],\"inLanguage\":\"fr-FR\"},{\"@type\":\"Organization\",\"@id\":\"https:\/\/growthdot.com\/#organization\",\"name\":\"GrowthDot\",\"url\":\"https:\/\/growthdot.com\/\",\"logo\":{\"@type\":\"ImageObject\",\"inLanguage\":\"fr-FR\",\"@id\":\"https:\/\/growthdot.com\/#\/schema\/logo\/image\/\",\"url\":\"https:\/\/growthdot.com\/wp-content\/uploads\/sites\/14\/2023\/08\/GrowthDot-Logo.png\",\"contentUrl\":\"https:\/\/growthdot.com\/wp-content\/uploads\/sites\/14\/2023\/08\/GrowthDot-Logo.png\",\"width\":512,\"height\":512,\"caption\":\"GrowthDot\"},\"image\":{\"@id\":\"https:\/\/growthdot.com\/#\/schema\/logo\/image\/\"},\"sameAs\":[\"https:\/\/www.facebook.com\/GrowthDot\",\"https:\/\/x.com\/growthdot\",\"https:\/\/www.linkedin.com\/company\/growthdot-com\",\"https:\/\/www.youtube.com\/channel\/UCByyK9Qf1AM4oKL8E4gubZg\"],\"email\":\"contact@growthdot.com\",\"legalName\":\"GrowthDot\",\"description\":\"Zendesk Customization, Apps, Themes and Help\",\"contactPoint\":[{\"contactType\":\"customer service\",\"areaServed\":\"Worldwide\",\"availableLanguage\":[{\"@type\":\"Language\",\"name\":\"English\",\"alternateName\":\"en\"},{\"@type\":\"Language\",\"name\":\"Deutsch\",\"alternateName\":\"de\"},{\"@type\":\"Language\",\"name\":\"French\",\"alternateName\":\"fr\"},{\"@type\":\"Language\",\"name\":\"Spanish\",\"alternateName\":\"es\"},{\"@type\":\"Language\",\"name\":\"Portuguese\",\"alternateName\":\"pt\"}],\"@type\":\"ContactPoint\",\"email\":\"contact@growthdot.com\"}]}]}<\/script>","yoast_head_json":{"title":"[:en]Knowledge Base Archive[:fr]Archives de la base de connaissances[:de]Wissensdatenbank-Archiv[:es]Archivo de la base de conocimientos[:pb]Arquivo da Base de Conhecimento[:] - GrowthDot","robots":{"index":"index","follow":"follow","max-snippet":"max-snippet:-1","max-image-preview":"max-image-preview:large","max-video-preview":"max-video-preview:-1"},"canonical":"https:\/\/growthdot.com\/fr\/help\/","og_locale":"fr_FR","og_type":"article","og_title":"Archives de la base de connaissances","og_description":"Contactez-nous Notre \u00e9quipe sympathique se fera un plaisir de vous aider","og_url":"https:\/\/growthdot.com\/fr\/help\/","og_site_name":"GrowthDot","article_publisher":"https:\/\/www.facebook.com\/GrowthDot","article_modified_time":"2026-03-10T15:04:28+00:00","og_image":[{"url":"https:\/\/growthdot.com\/wp-content\/uploads\/sites\/14\/2024\/07\/growthdot-team.jpg","type":"","width":"","height":""}],"twitter_card":"summary_large_image","twitter_site":"@growthdot","twitter_misc":{"Est. reading time":"1 minute"},"schema":{"@context":"https:\/\/schema.org","@graph":[{"@type":"WebPage","@id":"https:\/\/growthdot.com\/fr\/help\/","url":"https:\/\/growthdot.com\/fr\/help\/","name":"Archives de la base de connaissances - GrowthDot","isPartOf":{"@id":"https:\/\/growthdot.com\/#website"},"primaryImageOfPage":{"@id":"https:\/\/growthdot.com\/fr\/help\/#primaryimage"},"image":{"@id":"https:\/\/growthdot.com\/fr\/help\/#primaryimage"},"thumbnailUrl":"https:\/\/growthdot.com\/wp-content\/uploads\/sites\/14\/2024\/07\/growthdot-team.jpg","datePublished":"2021-10-11T10:57:30+00:00","dateModified":"2026-03-10T15:04:28+00:00","inLanguage":"fr-FR","potentialAction":[{"@type":"ReadAction","target":["https:\/\/growthdot.com\/fr\/help\/"]}],"description":""},{"@type":"ImageObject","inLanguage":"fr-FR","@id":"https:\/\/growthdot.com\/fr\/help\/#primaryimage","url":"https:\/\/growthdot.com\/wp-content\/uploads\/sites\/14\/2024\/07\/growthdot-team.jpg","contentUrl":"https:\/\/growthdot.com\/wp-content\/uploads\/sites\/14\/2024\/07\/growthdot-team.jpg"},{"@type":"WebSite","@id":"https:\/\/growthdot.com\/#website","url":"https:\/\/growthdot.com\/","name":"GrowthDot","description":"Zendesk Customization, Apps, Themes and Help","publisher":{"@id":"https:\/\/growthdot.com\/#organization"},"potentialAction":[{"@type":"SearchAction","target":{"@type":"EntryPoint","urlTemplate":"https:\/\/growthdot.com\/?s={search_term_string}"},"query-input":{"@type":"PropertyValueSpecification","valueRequired":true,"valueName":"search_term_string"}}],"inLanguage":"fr-FR"},{"@type":"Organization","@id":"https:\/\/growthdot.com\/#organization","name":"GrowthDot","url":"https:\/\/growthdot.com\/","logo":{"@type":"ImageObject","inLanguage":"fr-FR","@id":"https:\/\/growthdot.com\/#\/schema\/logo\/image\/","url":"https:\/\/growthdot.com\/wp-content\/uploads\/sites\/14\/2023\/08\/GrowthDot-Logo.png","contentUrl":"https:\/\/growthdot.com\/wp-content\/uploads\/sites\/14\/2023\/08\/GrowthDot-Logo.png","width":512,"height":512,"caption":"GrowthDot"},"image":{"@id":"https:\/\/growthdot.com\/#\/schema\/logo\/image\/"},"sameAs":["https:\/\/www.facebook.com\/GrowthDot","https:\/\/x.com\/growthdot","https:\/\/www.linkedin.com\/company\/growthdot-com","https:\/\/www.youtube.com\/channel\/UCByyK9Qf1AM4oKL8E4gubZg"],"email":"contact@growthdot.com","legalName":"GrowthDot","description":"Zendesk Customization, Apps, Themes and Help","contactPoint":[{"contactType":"customer service","areaServed":"Worldwide","availableLanguage":[{"@type":"Language","name":"English","alternateName":"en"},{"@type":"Language","name":"Deutsch","alternateName":"de"},{"@type":"Language","name":"French","alternateName":"fr"},{"@type":"Language","name":"Spanish","alternateName":"es"},{"@type":"Language","name":"Portuguese","alternateName":"pt"}],"@type":"ContactPoint","email":"contact@growthdot.com"}]}]}},"_links":{"self":[{"href":"https:\/\/growthdot.com\/fr\/wp-json\/wp\/v2\/pages\/6383","targetHints":{"allow":["GET"]}}],"collection":[{"href":"https:\/\/growthdot.com\/fr\/wp-json\/wp\/v2\/pages"}],"about":[{"href":"https:\/\/growthdot.com\/fr\/wp-json\/wp\/v2\/types\/page"}],"author":[{"embeddable":true,"href":"https:\/\/growthdot.com\/fr\/wp-json\/wp\/v2\/users\/40"}],"replies":[{"embeddable":true,"href":"https:\/\/growthdot.com\/fr\/wp-json\/wp\/v2\/comments?post=6383"}],"version-history":[{"count":0,"href":"https:\/\/growthdot.com\/fr\/wp-json\/wp\/v2\/pages\/6383\/revisions"}],"wp:attachment":[{"href":"https:\/\/growthdot.com\/fr\/wp-json\/wp\/v2\/media?parent=6383"}],"curies":[{"name":"wp","href":"https:\/\/api.w.org\/{rel}","templated":true}]}}